{"id":481,"date":"2013-02-05T22:44:36","date_gmt":"2013-02-05T22:44:36","guid":{"rendered":"http:\/\/theme-sphere.com\/smart-mag\/?page_id=481"},"modified":"2024-07-30T00:27:00","modified_gmt":"2024-07-29T22:27:00","slug":"contact","status":"publish","type":"page","link":"https:\/\/www.insidebrussels.be\/V2\/contact\/","title":{"rendered":"Contact"},"content":{"rendered":"<p><!--NoAds--><\/p>\n<p>Vous souhaitez devenir partenaire de InsideBrussels.be pour faire connaitre votre produit, \u00e9v\u00e9nement ou organiser un concours via notre communaut\u00e9? N&rsquo;h\u00e9sitez pas \u00e0 nous contacter via <a href=\"mailto:hello@insideBrussels.be\">hello@insideBrussels.be<\/a> , <a href=\"https:\/\/www.linkedin.com\/in\/pierrehalleux\/\" target=\"_blank\" rel=\"noopener\">linkedin<\/a> ou <a href=\"https:\/\/www.facebook.com\/insideBrusselsBelgique\" target=\"_blank\" rel=\"noopener\">Facebook<\/a><\/p>\n<p><!--\n<iframe loading=\"lazy\" width=\"100%\" height=\"300\" frameborder=\"0\" scrolling=\"no\" marginheight=\"0\" marginwidth=\"0\" src=\"https:\/\/maps.google.com\/maps?f=q&amp;source=s_q&amp;hl=en&amp;geocode=&amp;q=lorem&amp;aq=&amp;sll=37.0625,-95.677068&amp;sspn=61.153041,135.263672&amp;ie=UTF8&amp;hq=lorem&amp;hnear=&amp;t=m&amp;cid=17867517406144382175&amp;ll=42.349156,-71.150465&amp;spn=0.01903,0.051498&amp;z=14&amp;output=embed\"><\/iframe> --><\/p>\n<p>Vous souhaitez connaitre notre histoire? <a href=\"https:\/\/www.insidebrussels.be\/V2\/a-propos-dinsidebrussels-be\/\">La voici<\/a><\/p>\n<h2>Ils\u00a0parlent de InsideBrussels\u00a0\u00e0 Bruxelles<\/h2>\n<div id='gallery-1' class='gallery galleryid-481 gallery-columns-3 gallery-size-thumbnail'><figure class='gallery-item'>\n\t\t\t<div class='gallery-icon portrait'>\n\t\t\t\t<a href='https:\/\/www.insidebrussels.be\/V2\/wp-content\/uploads\/2013\/02\/Screen-Shot-2016-05-04-at-23.58.16.png'><img decoding=\"async\" width=\"150\" height=\"150\" src=\"https:\/\/www.insidebrussels.be\/V2\/wp-content\/uploads\/2013\/02\/Screen-Shot-2016-05-04-at-23.58.16-150x150.png\" class=\"attachment-thumbnail size-thumbnail\" alt=\"Fabiola\" aria-describedby=\"gallery-1-7730\" \/><\/a>\n\t\t\t<\/div>\n\t\t\t\t<figcaption class='wp-caption-text gallery-caption' id='gallery-1-7730'>\n\t\t\t\tFabiola\n\t\t\t\t<\/figcaption><\/figure><figure class='gallery-item'>\n\t\t\t<div class='gallery-icon portrait'>\n\t\t\t\t<a href='https:\/\/www.insidebrussels.be\/V2\/wp-content\/uploads\/2013\/02\/Screen-Shot-2016-05-04-at-23.57.24.png'><img decoding=\"async\" width=\"150\" height=\"150\" src=\"https:\/\/www.insidebrussels.be\/V2\/wp-content\/uploads\/2013\/02\/Screen-Shot-2016-05-04-at-23.57.24-150x150.png\" class=\"attachment-thumbnail size-thumbnail\" alt=\"Cirkle\" aria-describedby=\"gallery-1-7731\" srcset=\"https:\/\/www.insidebrussels.be\/V2\/wp-content\/uploads\/2013\/02\/Screen-Shot-2016-05-04-at-23.57.24-150x150.png 150w, https:\/\/www.insidebrussels.be\/V2\/wp-content\/uploads\/2013\/02\/Screen-Shot-2016-05-04-at-23.57.24-513x516.png 513w\" sizes=\"(max-width: 150px) 100vw, 150px\" \/><\/a>\n\t\t\t<\/div>\n\t\t\t\t<figcaption class='wp-caption-text gallery-caption' id='gallery-1-7731'>\n\t\t\t\tCirkle\n\t\t\t\t<\/figcaption><\/figure><figure class='gallery-item'>\n\t\t\t<div class='gallery-icon portrait'>\n\t\t\t\t<a href='https:\/\/www.insidebrussels.be\/V2\/wp-content\/uploads\/2013\/02\/Screen-Shot-2016-05-04-at-23.57.02.png'><img decoding=\"async\" width=\"150\" height=\"150\" src=\"https:\/\/www.insidebrussels.be\/V2\/wp-content\/uploads\/2013\/02\/Screen-Shot-2016-05-04-at-23.57.02-150x150.png\" class=\"attachment-thumbnail size-thumbnail\" alt=\"Les Filles\" aria-describedby=\"gallery-1-7732\" \/><\/a>\n\t\t\t<\/div>\n\t\t\t\t<figcaption class='wp-caption-text gallery-caption' id='gallery-1-7732'>\n\t\t\t\tLes Filles\n\t\t\t\t<\/figcaption><\/figure><figure class='gallery-item'>\n\t\t\t<div class='gallery-icon landscape'>\n\t\t\t\t<a href='https:\/\/www.insidebrussels.be\/V2\/wp-content\/uploads\/2013\/02\/Screen-Shot-2016-05-04-at-23.56.53.png'><img decoding=\"async\" width=\"150\" height=\"150\" src=\"https:\/\/www.insidebrussels.be\/V2\/wp-content\/uploads\/2013\/02\/Screen-Shot-2016-05-04-at-23.56.53-150x150.png\" class=\"attachment-thumbnail size-thumbnail\" alt=\"Bricabrac.be\" aria-describedby=\"gallery-1-7733\" \/><\/a>\n\t\t\t<\/div>\n\t\t\t\t<figcaption class='wp-caption-text gallery-caption' id='gallery-1-7733'>\n\t\t\t\tBricabrac.be\n\t\t\t\t<\/figcaption><\/figure><figure class='gallery-item'>\n\t\t\t<div class='gallery-icon portrait'>\n\t\t\t\t<a href='https:\/\/www.insidebrussels.be\/V2\/wp-content\/uploads\/2013\/02\/Screen-Shot-2016-05-04-at-23.56.30.png'><img decoding=\"async\" width=\"150\" height=\"150\" src=\"https:\/\/www.insidebrussels.be\/V2\/wp-content\/uploads\/2013\/02\/Screen-Shot-2016-05-04-at-23.56.30-150x150.png\" class=\"attachment-thumbnail size-thumbnail\" alt=\"Le second degr\u00e9\" aria-describedby=\"gallery-1-7734\" srcset=\"https:\/\/www.insidebrussels.be\/V2\/wp-content\/uploads\/2013\/02\/Screen-Shot-2016-05-04-at-23.56.30-150x150.png 150w, https:\/\/www.insidebrussels.be\/V2\/wp-content\/uploads\/2013\/02\/Screen-Shot-2016-05-04-at-23.56.30-300x300.png 300w, https:\/\/www.insidebrussels.be\/V2\/wp-content\/uploads\/2013\/02\/Screen-Shot-2016-05-04-at-23.56.30.png 510w\" sizes=\"(max-width: 150px) 100vw, 150px\" \/><\/a>\n\t\t\t<\/div>\n\t\t\t\t<figcaption class='wp-caption-text gallery-caption' id='gallery-1-7734'>\n\t\t\t\tLe second degr\u00e9\n\t\t\t\t<\/figcaption><\/figure><figure class='gallery-item'>\n\t\t\t<div class='gallery-icon portrait'>\n\t\t\t\t<a href='https:\/\/www.insidebrussels.be\/V2\/wp-content\/uploads\/2013\/02\/Screen-Shot-2016-05-04-at-23.56.22.png'><img decoding=\"async\" width=\"150\" height=\"150\" src=\"https:\/\/www.insidebrussels.be\/V2\/wp-content\/uploads\/2013\/02\/Screen-Shot-2016-05-04-at-23.56.22-150x150.png\" class=\"attachment-thumbnail size-thumbnail\" alt=\"Olive&#039;s\" aria-describedby=\"gallery-1-7735\" srcset=\"https:\/\/www.insidebrussels.be\/V2\/wp-content\/uploads\/2013\/02\/Screen-Shot-2016-05-04-at-23.56.22-150x150.png 150w, https:\/\/www.insidebrussels.be\/V2\/wp-content\/uploads\/2013\/02\/Screen-Shot-2016-05-04-at-23.56.22-512x516.png 512w\" sizes=\"(max-width: 150px) 100vw, 150px\" \/><\/a>\n\t\t\t<\/div>\n\t\t\t\t<figcaption class='wp-caption-text gallery-caption' id='gallery-1-7735'>\n\t\t\t\tOlive&rsquo;s\n\t\t\t\t<\/figcaption><\/figure><figure class='gallery-item'>\n\t\t\t<div class='gallery-icon portrait'>\n\t\t\t\t<a href='https:\/\/www.insidebrussels.be\/V2\/wp-content\/uploads\/2013\/02\/Screen-Shot-2016-05-04-at-23.56.14.png'><img decoding=\"async\" width=\"150\" height=\"150\" src=\"https:\/\/www.insidebrussels.be\/V2\/wp-content\/uploads\/2013\/02\/Screen-Shot-2016-05-04-at-23.56.14-150x150.png\" class=\"attachment-thumbnail size-thumbnail\" alt=\"eFarmz\" aria-describedby=\"gallery-1-7736\" \/><\/a>\n\t\t\t<\/div>\n\t\t\t\t<figcaption class='wp-caption-text gallery-caption' id='gallery-1-7736'>\n\t\t\t\teFarmz\n\t\t\t\t<\/figcaption><\/figure><figure class='gallery-item'>\n\t\t\t<div class='gallery-icon portrait'>\n\t\t\t\t<a href='https:\/\/www.insidebrussels.be\/V2\/wp-content\/uploads\/2013\/02\/Screen-Shot-2016-06-13-at-21.49.51.png'><img decoding=\"async\" width=\"150\" height=\"150\" src=\"https:\/\/www.insidebrussels.be\/V2\/wp-content\/uploads\/2013\/02\/Screen-Shot-2016-06-13-at-21.49.51-150x150.png\" class=\"attachment-thumbnail size-thumbnail\" alt=\"eFarmz\" aria-describedby=\"gallery-1-7744\" srcset=\"https:\/\/www.insidebrussels.be\/V2\/wp-content\/uploads\/2013\/02\/Screen-Shot-2016-06-13-at-21.49.51-150x150.png 150w, https:\/\/www.insidebrussels.be\/V2\/wp-content\/uploads\/2013\/02\/Screen-Shot-2016-06-13-at-21.49.51-511x516.png 511w\" sizes=\"(max-width: 150px) 100vw, 150px\" \/><\/a>\n\t\t\t<\/div>\n\t\t\t\t<figcaption class='wp-caption-text gallery-caption' id='gallery-1-7744'>\n\t\t\t\teFarmz\n\t\t\t\t<\/figcaption><\/figure><figure class='gallery-item'>\n\t\t\t<div class='gallery-icon portrait'>\n\t\t\t\t<a href='https:\/\/www.insidebrussels.be\/V2\/wp-content\/uploads\/2013\/02\/Screen-Shot-2016-06-13-at-21.47.42.png'><img decoding=\"async\" width=\"150\" height=\"150\" src=\"https:\/\/www.insidebrussels.be\/V2\/wp-content\/uploads\/2013\/02\/Screen-Shot-2016-06-13-at-21.47.42-150x150.png\" class=\"attachment-thumbnail size-thumbnail\" alt=\"Nehaus\" aria-describedby=\"gallery-1-7745\" \/><\/a>\n\t\t\t<\/div>\n\t\t\t\t<figcaption class='wp-caption-text gallery-caption' id='gallery-1-7745'>\n\t\t\t\tNehaus\n\t\t\t\t<\/figcaption><\/figure><figure class='gallery-item'>\n\t\t\t<div class='gallery-icon portrait'>\n\t\t\t\t<a href='https:\/\/www.insidebrussels.be\/V2\/wp-content\/uploads\/2013\/02\/Screen-Shot-2016-06-13-at-22.02.54.png'><img decoding=\"async\" width=\"150\" height=\"150\" src=\"https:\/\/www.insidebrussels.be\/V2\/wp-content\/uploads\/2013\/02\/Screen-Shot-2016-06-13-at-22.02.54-150x150.png\" class=\"attachment-thumbnail size-thumbnail\" alt=\"\" aria-describedby=\"gallery-1-7751\" \/><\/a>\n\t\t\t<\/div>\n\t\t\t\t<figcaption class='wp-caption-text gallery-caption' id='gallery-1-7751'>\n\t\t\t\tBuzz contest\n\t\t\t\t<\/figcaption><\/figure><figure class='gallery-item'>\n\t\t\t<div class='gallery-icon landscape'>\n\t\t\t\t<a href='https:\/\/www.insidebrussels.be\/V2\/wp-content\/uploads\/2013\/02\/Screen-Shot-2016-10-25-at-19.35.52.png'><img decoding=\"async\" width=\"150\" height=\"150\" src=\"https:\/\/www.insidebrussels.be\/V2\/wp-content\/uploads\/2013\/02\/Screen-Shot-2016-10-25-at-19.35.52-150x150.png\" class=\"attachment-thumbnail size-thumbnail\" alt=\"\" aria-describedby=\"gallery-1-8169\" \/><\/a>\n\t\t\t<\/div>\n\t\t\t\t<figcaption class='wp-caption-text gallery-caption' id='gallery-1-8169'>\n\t\t\t\tCircle\n\t\t\t\t<\/figcaption><\/figure><figure class='gallery-item'>\n\t\t\t<div class='gallery-icon landscape'>\n\t\t\t\t<a href='https:\/\/www.insidebrussels.be\/V2\/wp-content\/uploads\/2013\/02\/Screen-Shot-2016-10-25-at-19.35.39.png'><img decoding=\"async\" width=\"150\" height=\"150\" src=\"https:\/\/www.insidebrussels.be\/V2\/wp-content\/uploads\/2013\/02\/Screen-Shot-2016-10-25-at-19.35.39-150x150.png\" class=\"attachment-thumbnail size-thumbnail\" alt=\"Planete Chocolat\" aria-describedby=\"gallery-1-8170\" \/><\/a>\n\t\t\t<\/div>\n\t\t\t\t<figcaption class='wp-caption-text gallery-caption' id='gallery-1-8170'>\n\t\t\t\tPlanete Chocolat\n\t\t\t\t<\/figcaption><\/figure>\n\t\t<\/div>\n\n<h2>Concours \u00e9v\u00e9nements InsideBrussels<\/h2>\n<div id='gallery-2' class='gallery galleryid-481 gallery-columns-3 gallery-size-thumbnail'><figure class='gallery-item'>\n\t\t\t<div class='gallery-icon portrait'>\n\t\t\t\t<a href='https:\/\/www.insidebrussels.be\/V2\/wp-content\/uploads\/2013\/02\/Screen-Shot-2016-06-13-at-21.59.27.png'><img decoding=\"async\" width=\"150\" height=\"150\" src=\"https:\/\/www.insidebrussels.be\/V2\/wp-content\/uploads\/2013\/02\/Screen-Shot-2016-06-13-at-21.59.27-150x150.png\" class=\"attachment-thumbnail size-thumbnail\" alt=\"\" srcset=\"https:\/\/www.insidebrussels.be\/V2\/wp-content\/uploads\/2013\/02\/Screen-Shot-2016-06-13-at-21.59.27-150x150.png 150w, https:\/\/www.insidebrussels.be\/V2\/wp-content\/uploads\/2013\/02\/Screen-Shot-2016-06-13-at-21.59.27.png 512w\" sizes=\"(max-width: 150px) 100vw, 150px\" \/><\/a>\n\t\t\t<\/div><\/figure><figure class='gallery-item'>\n\t\t\t<div class='gallery-icon landscape'>\n\t\t\t\t<a href='https:\/\/www.insidebrussels.be\/V2\/wp-content\/uploads\/2013\/02\/Screen-Shot-2016-06-13-at-22.01.02.png'><img decoding=\"async\" width=\"150\" height=\"150\" src=\"https:\/\/www.insidebrussels.be\/V2\/wp-content\/uploads\/2013\/02\/Screen-Shot-2016-06-13-at-22.01.02-150x150.png\" class=\"attachment-thumbnail size-thumbnail\" alt=\"\" \/><\/a>\n\t\t\t<\/div><\/figure>\n\t\t<\/div>\n\n","protected":false},"excerpt":{"rendered":"<p>Vous souhaitez devenir partenaire de InsideBrussels.be pour faire connaitre votre produit, \u00e9v\u00e9nement ou organiser un<\/p>\n","protected":false},"author":1,"featured_media":0,"parent":0,"menu_order":0,"comment_status":"open","ping_status":"closed","template":"","meta":{"_lmt_disableupdate":"","_lmt_disable":"","footnotes":""},"class_list":["post-481","page","type-page","status-publish","hentry"],"_links":{"self":[{"href":"https:\/\/www.insidebrussels.be\/V2\/wp-json\/wp\/v2\/pages\/481","targetHints":{"allow":["GET"]}}],"collection":[{"href":"https:\/\/www.insidebrussels.be\/V2\/wp-json\/wp\/v2\/pages"}],"about":[{"href":"https:\/\/www.insidebrussels.be\/V2\/wp-json\/wp\/v2\/types\/page"}],"author":[{"embeddable":true,"href":"https:\/\/www.insidebrussels.be\/V2\/wp-json\/wp\/v2\/users\/1"}],"replies":[{"embeddable":true,"href":"https:\/\/www.insidebrussels.be\/V2\/wp-json\/wp\/v2\/comments?post=481"}],"version-history":[{"count":23,"href":"https:\/\/www.insidebrussels.be\/V2\/wp-json\/wp\/v2\/pages\/481\/revisions"}],"predecessor-version":[{"id":17230,"href":"https:\/\/www.insidebrussels.be\/V2\/wp-json\/wp\/v2\/pages\/481\/revisions\/17230"}],"wp:attachment":[{"href":"https:\/\/www.insidebrussels.be\/V2\/wp-json\/wp\/v2\/media?parent=481"}],"curies":[{"name":"wp","href":"https:\/\/api.w.org\/{rel}","templated":true}]}}