{"id":9795,"date":"2020-01-19T12:42:58","date_gmt":"2020-01-19T11:42:58","guid":{"rendered":"http:\/\/www.insidebrussels.be\/V2\/?page_id=9795"},"modified":"2022-12-18T01:08:53","modified_gmt":"2022-12-18T00:08:53","slug":"que-faire-a-bruxelles-cette-semaine","status":"publish","type":"page","link":"https:\/\/www.insidebrussels.be\/V2\/que-faire-a-bruxelles-cette-semaine\/","title":{"rendered":"Agenda de cette semaines \u00e0 Bruxelles"},"content":{"rendered":"<h2>Que faire \u00e0 Bruxelles cette semaine ?<\/h2>\n<p>Vous recherchez les meilleurs activit\u00e9s \u00e0 faire \u00e0 Bruxelles. Voici nos meilleures id\u00e9es d&rsquo;activit\u00e9s \u00e0 faire \u00e0 Bruxelles pour vous occuper:<\/p>\n<ul>\n<li><a href=\"https:\/\/www.insidebrussels.be\/V2\/bruxelles\/que-faire-a-bruxelles-quand-il-pleut\/\">Que faire \u00e0 Bruxelles quand il pleut ?<\/a><\/li>\n<li><a href=\"https:\/\/www.insidebrussels.be\/V2\/bruxelles\/tag\/a-faire-le-dimanche\/\">Que faire \u00e0 Bruxelles ce dimanche?<\/a><\/li>\n<li><a href=\"https:\/\/www.insidebrussels.be\/V2\/bruxelles\/tag\/activites-avec-enfants\/\">Que faire \u00e0 Bruxelles avec les enfants?<\/a><\/li>\n<li><a href=\"https:\/\/www.insidebrussels.be\/V2\/bruxelles\/tag\/afterwork\/\">Que faire apr\u00e8s le travail \u00e0 Bruxelles?<\/a><\/li>\n<li><a href=\"https:\/\/www.insidebrussels.be\/V2\/bruxelles\/tag\/best-of\/\">Les meilleures choses \u00e0 faire \u00e0 Bruxelles?<\/a><\/li>\n<\/ul>\n","protected":false},"excerpt":{"rendered":"<p>Que faire \u00e0 Bruxelles cette semaine ? Vous recherchez les meilleurs activit\u00e9s \u00e0 faire \u00e0<\/p>\n","protected":false},"author":1,"featured_media":0,"parent":0,"menu_order":0,"comment_status":"closed","ping_status":"closed","template":"","meta":{"_lmt_disableupdate":"","_lmt_disable":"","footnotes":""},"class_list":["post-9795","page","type-page","status-publish","hentry"],"_links":{"self":[{"href":"https:\/\/www.insidebrussels.be\/V2\/wp-json\/wp\/v2\/pages\/9795","targetHints":{"allow":["GET"]}}],"collection":[{"href":"https:\/\/www.insidebrussels.be\/V2\/wp-json\/wp\/v2\/pages"}],"about":[{"href":"https:\/\/www.insidebrussels.be\/V2\/wp-json\/wp\/v2\/types\/page"}],"author":[{"embeddable":true,"href":"https:\/\/www.insidebrussels.be\/V2\/wp-json\/wp\/v2\/users\/1"}],"replies":[{"embeddable":true,"href":"https:\/\/www.insidebrussels.be\/V2\/wp-json\/wp\/v2\/comments?post=9795"}],"version-history":[{"count":4,"href":"https:\/\/www.insidebrussels.be\/V2\/wp-json\/wp\/v2\/pages\/9795\/revisions"}],"predecessor-version":[{"id":13852,"href":"https:\/\/www.insidebrussels.be\/V2\/wp-json\/wp\/v2\/pages\/9795\/revisions\/13852"}],"wp:attachment":[{"href":"https:\/\/www.insidebrussels.be\/V2\/wp-json\/wp\/v2\/media?parent=9795"}],"curies":[{"name":"wp","href":"https:\/\/api.w.org\/{rel}","templated":true}]}}